{"id":5306,"date":"2019-07-08T10:11:15","date_gmt":"2019-07-08T08:11:15","guid":{"rendered":"http:\/\/camping-les3rivieres.com\/?page_id=5306"},"modified":"2025-12-29T18:16:15","modified_gmt":"2025-12-29T17:16:15","slug":"tarifs-emplacements","status":"publish","type":"page","link":"https:\/\/camping-les3rivieres.com\/nl\/tarifs-emplacements\/","title":{"rendered":"Tarifs emplacements"},"content":{"rendered":"<div class=\"fusion-fullwidth fullwidth-box fusion-builder-row-1 fusion-parallax-none nonhundred-percent-fullwidth non-hundred-percent-height-scrolling\" style=\"background-color: rgba(255,255,255,0);background-image: url(&quot;http:\/\/camping-les3rivieres.com\/wp-content\/uploads\/2019\/03\/Emplacements-1.jpg&quot;);background-position: center center;background-repeat: no-repeat;padding-top:0px;padding-right:0px;padding-bottom:0px;padding-left:0px;margin-bottom: 0px;margin-top: 0px;border-width: 0px 0px 0px 0px;border-color:#eae9e9;border-style:solid;-webkit-background-size:cover;-moz-background-size:cover;-o-background-size:cover;background-size:cover;\" ><div class=\"fusion-builder-row fusion-row\"><div class=\"fusion-layout-column fusion_builder_column fusion-builder-column-0 fusion_builder_column_1_1 1_1 fusion-one-full fusion-column-first fusion-column-last fusion-no-small-visibility\" style=\"margin-top:100px;margin-bottom:20px;\"><div class=\"fusion-column-wrapper fusion-flex-column-wrapper-legacy\" style=\"background-position:left top;background-repeat:no-repeat;-webkit-background-size:cover;-moz-background-size:cover;-o-background-size:cover;background-size:cover;padding: 0px 0px 0px 0px;\"><div class=\"fusion-clearfix\"><\/div><\/div><\/div><div class=\"fusion-layout-column fusion_builder_column fusion-builder-column-1 fusion_builder_column_1_1 1_1 fusion-one-full fusion-column-first fusion-column-last\" style=\"margin-top:0px;margin-bottom:20px;\"><div class=\"fusion-column-wrapper fusion-flex-column-wrapper-legacy\" style=\"background-position:left top;background-repeat:no-repeat;-webkit-background-size:cover;-moz-background-size:cover;-o-background-size:cover;background-size:cover;background-color:#ffffff;padding: 0px 10% 0px 10%;\"><div class=\"fusion-sep-clear\"><\/div><div class=\"fusion-separator fusion-no-small-visibility fusion-full-width-sep\" style=\"margin-left: auto;margin-right: auto;margin-top:30px;width:100%;\"><\/div><div class=\"fusion-sep-clear\"><\/div><div class=\"fusion-text fusion-text-1\" style=\"transform:translate3d(0,0,0);\"><h2 style=\"text-align: center;\">Campingprijzen 2026<\/h2>\n<\/div><div class=\"fusion-sep-clear\"><\/div><div class=\"fusion-separator fusion-full-width-sep\" style=\"margin-left: auto;margin-right: auto;margin-top:20px;width:100%;\"><\/div><div class=\"fusion-sep-clear\"><\/div><div class=\"fusion-text fusion-text-2\" style=\"transform:translate3d(0,0,0);\"><p style=\"text-align: center;\"><span style=\"font-size: 10pt;\">Plaatsen en huisjes boeken is pas mogelijk\u00a0<strong>vanaf 1 januari<\/strong>.<br \/>\nAanvragen die voor die tijd binnenkomen, genieten geen speciale voorrang.<br \/>\n<\/span><\/p>\n<\/div><div class=\"fusion-text fusion-text-3\" style=\"transform:translate3d(0,0,0);\"><table style=\"height: 1095px; width: 100%; border-color: #F2EFED;\" border=\"1px\" width=\"100%\" cellspacing=\"2\" cellpadding=\"2\">\n<tbody>\n<tr style=\"height: 39px;\">\n<td style=\"height: 39px;\" width=\"265\"><\/td>\n<td style=\"text-align: center; vertical-align: top; height: 39px;\" width=\"180\"><span style=\"font-size: 10pt;\"><strong>LAAGSEIZOEN<\/strong><br \/>\n<\/span><span style=\"font-size: 10pt;\">01\/04-01\/05<br \/>\n<\/span><span style=\"font-size: 10pt;\">12\/09-30\/09<\/span><\/td>\n<td style=\"text-align: center; vertical-align: top; height: 39px;\" width=\"198\"><span style=\"font-size: 10pt;\"><strong>MIDDENSEIZOEN<\/strong><br \/>\n<\/span><span style=\"font-size: 10pt;\">01\/05-04\/07<br \/>\n<\/span><span style=\"font-size: 10pt;\">22\/08-12\/09<\/span><\/td>\n<td style=\"text-align: center; vertical-align: top; height: 39px;\" width=\"123\"><span style=\"font-size: 10pt;\"><strong>HOOGSEIZOEN<\/strong><br \/>\n<\/span><span style=\"font-size: 10pt;\">04\/07-22\/08<\/span><\/td>\n<\/tr>\n<tr style=\"height: 46px; background-color: #f2efed;\">\n<td style=\"height: 46px;\" width=\"265\"><strong><span style=\"font-size: 10pt;\">Pakket voor 2 personen <\/span><span style=\"font-size: 10pt;\">(plaats + tent\/caravan <\/span><span style=\"font-size: 10pt;\">+ auto)<\/span><\/strong><\/td>\n<td style=\"text-align: center; vertical-align: middle; height: 46px;\" width=\"180\"><span style=\"font-size: 10pt;\">16,60 \u20ac<\/span><\/td>\n<td style=\"text-align: center; vertical-align: middle; height: 46px;\" width=\"198\"><span style=\"font-size: 10pt;\">18,60 \u20ac<\/span><\/td>\n<td style=\"text-align: center; vertical-align: middle; height: 46px;\" width=\"123\"><span style=\"font-size: 10pt;\">21,80 \u20ac<\/span><\/td>\n<\/tr>\n<tr style=\"height: 56px;\">\n<td style=\"height: 56px;\" width=\"265\"><strong><span style=\"font-size: 10pt;\">Pakket voor 1 persoon<\/span><\/strong><\/td>\n<td style=\"text-align: center; vertical-align: middle; height: 56px;\" width=\"180\"><span style=\"font-size: 10pt;\">12,80 \u20ac<\/span><\/td>\n<td style=\"text-align: center; vertical-align: middle; height: 56px;\" width=\"198\"><span style=\"font-size: 10pt;\">14,80 \u20ac<\/span><\/td>\n<td style=\"text-align: center; vertical-align: middle; height: 56px;\" width=\"123\"><span style=\"font-size: 10pt;\">21,80 \u20ac<\/span><\/td>\n<\/tr>\n<tr style=\"height: 17px; background-color: #f2efed;\">\n<td style=\"height: 17px;\" width=\"265\"><strong><span style=\"font-size: 10pt;\">Toeslag aan de rivier <\/span><span style=\"font-size: 10pt;\">of groter dan 100 m\u00b2<\/span><\/strong><\/td>\n<td style=\"text-align: center; vertical-align: middle; height: 17px;\" width=\"180\"><span style=\"font-size: 10pt;\">gratis<\/span><\/td>\n<td style=\"text-align: center; vertical-align: middle; height: 17px;\" colspan=\"2\" width=\"321\"><span style=\"font-size: 10pt;\">juli en augustus&nbsp;: 4,50 \u20ac <\/span><\/td>\n<\/tr>\n<tr style=\"height: 56px;\">\n<td style=\"height: 56px;\" width=\"265\"><strong><span style=\"font-size: 10pt;\">Elektriciteit 3A<\/span><\/strong><\/td>\n<td style=\"text-align: center; vertical-align: middle; height: 56px;\" width=\"180\"><span style=\"font-size: 10pt;\">3,20 \u20ac<\/span><\/td>\n<td style=\"text-align: center; vertical-align: middle; height: 56px;\" width=\"198\"><span style=\"font-size: 10pt;\">3,80 \u20ac<\/span><\/td>\n<td style=\"text-align: center; vertical-align: middle; height: 56px;\" width=\"123\"><span style=\"font-size: 10pt;\">4,50 \u20ac<\/span><\/td>\n<\/tr>\n<tr style=\"height: 56px; background-color: #f2efed;\">\n<td style=\"height: 56px;\" width=\"265\"><strong><span style=\"font-size: 10pt;\">Elektriciteit 6A<\/span><\/strong><\/td>\n<td style=\"text-align: center; vertical-align: middle; height: 56px;\" width=\"180\"><span style=\"font-size: 10pt;\">4,20 \u20ac<\/span><\/td>\n<td style=\"text-align: center; vertical-align: middle; height: 56px;\" width=\"198\"><span style=\"font-size: 10pt;\">4,80 \u20ac<\/span><\/td>\n<td style=\"text-align: center; vertical-align: middle; height: 56px;\" width=\"123\"><span style=\"font-size: 10pt;\">5,50 \u20ac<\/span><\/td>\n<\/tr>\n<tr style=\"height: 56px;\">\n<td style=\"height: 56px;\" width=\"265\"><strong><span style=\"font-size: 10pt;\">Elektriciteit 10A<\/span><\/strong><\/td>\n<td style=\"text-align: center; vertical-align: middle; height: 56px;\" width=\"180\"><span style=\"font-size: 10pt;\">5,20 \u20ac<\/span><\/td>\n<td style=\"text-align: center; vertical-align: middle; height: 56px;\" width=\"198\"><span style=\"font-size: 10pt;\">5,80 \u20ac<\/span><\/td>\n<td style=\"text-align: center; vertical-align: middle; height: 56px;\" width=\"123\"><span style=\"font-size: 10pt;\">6,50 \u20ac<\/span><\/td>\n<\/tr>\n<tr style=\"height: 41px; background-color: #f2efed;\">\n<td style=\"height: 41px;\" width=\"265\"><strong><span style=\"font-size: 10pt;\">Extra persoon <\/span><span style=\"font-size: 10pt;\">13 jaar en ouder<\/span><\/strong><\/td>\n<td style=\"text-align: center; vertical-align: middle; height: 41px;\" width=\"180\"><span style=\"font-size: 10pt;\">4,60 \u20ac<\/span><\/td>\n<td style=\"text-align: center; vertical-align: middle; height: 41px;\" width=\"198\"><span style=\"font-size: 10pt;\">5,20 \u20ac<\/span><\/td>\n<td style=\"text-align: center; vertical-align: middle; height: 41px;\" width=\"123\"><span style=\"font-size: 10pt;\">6,20 \u20ac<\/span><\/td>\n<\/tr>\n<tr style=\"height: 56px;\">\n<td style=\"height: 56px;\" width=\"265\"><strong><span style=\"font-size: 10pt;\">Kind 2 t\/m 12 jaar<\/span><\/strong><\/td>\n<td style=\"text-align: center; vertical-align: middle; height: 56px;\" width=\"180\"><span style=\"font-size: 10pt;\">3,60 \u20ac<\/span><\/td>\n<td style=\"text-align: center; vertical-align: middle; height: 56px;\" width=\"198\"><span style=\"font-size: 10pt;\">4,20 \u20ac<\/span><\/td>\n<td style=\"text-align: center; vertical-align: middle; height: 56px;\" width=\"123\"><span style=\"font-size: 10pt;\">5,20 \u20ac<\/span><\/td>\n<\/tr>\n<tr style=\"height: 56px; background-color: #f2efed;\">\n<td style=\"height: 56px;\" width=\"265\"><strong><span style=\"font-size: 10pt;\">Kind jonger dan 2 jaar<\/span><\/strong><\/td>\n<td style=\"text-align: center; vertical-align: middle; height: 56px;\" width=\"180\"><span style=\"font-size: 10pt;\">gratis<\/span><\/td>\n<td style=\"text-align: center; vertical-align: middle; height: 56px;\" width=\"198\"><span style=\"font-size: 10pt;\">1,50 \u20ac<\/span><\/td>\n<td style=\"text-align: center; vertical-align: middle; height: 56px;\" width=\"123\"><span style=\"font-size: 10pt;\">3,00 \u20ac<\/span><\/td>\n<\/tr>\n<tr style=\"height: 56px;\">\n<td style=\"height: 56px;\" width=\"265\"><strong><span style=\"font-size: 10pt;\">Huisdier (max 1\/boeking)<\/span><\/strong><\/td>\n<td style=\"text-align: center; vertical-align: middle; height: 56px;\" width=\"180\"><span style=\"font-size: 10pt;\">3,50 \u20ac<\/span><\/td>\n<td style=\"text-align: center; vertical-align: middle; height: 56px;\" width=\"198\"><span style=\"font-size: 10pt;\">4,50 \u20ac<\/span><\/td>\n<td style=\"text-align: center; vertical-align: middle; height: 56px;\" width=\"123\"><span style=\"font-size: 10pt;\">5,50 \u20ac<\/span><\/td>\n<\/tr>\n<tr style=\"height: 56px; background-color: #f2efed;\">\n<td style=\"height: 56px;\" width=\"265\"><strong><span style=\"font-size: 10pt;\">Extra voertuig<\/span><\/strong><\/td>\n<td style=\"text-align: center; vertical-align: middle; height: 56px;\" width=\"180\"><span style=\"font-size: 10pt;\">gratis<\/span><\/td>\n<td style=\"text-align: center; vertical-align: middle; height: 56px;\" width=\"198\"><span style=\"font-size: 10pt;\">1,50 \u20ac<\/span><\/td>\n<td style=\"text-align: center; vertical-align: middle; height: 56px;\" width=\"123\"><span style=\"font-size: 10pt;\">2,50 \u20ac<\/span><\/td>\n<\/tr>\n<tr style=\"height: 56px;\">\n<td style=\"height: 56px;\" width=\"265\"><strong><span style=\"font-size: 10pt;\">Extra tent<\/span><\/strong><\/td>\n<td style=\"text-align: center; vertical-align: middle; height: 56px;\" width=\"180\"><span style=\"font-size: 10pt;\">gratis<\/span><\/td>\n<td style=\"text-align: center; vertical-align: middle; height: 56px;\" width=\"198\"><span style=\"font-size: 10pt;\">gratis<\/span><\/td>\n<td style=\"text-align: center; vertical-align: middle; height: 56px;\" width=\"123\"><span style=\"font-size: 10pt;\">2,00 \u20ac<\/span><\/td>\n<\/tr>\n<tr style=\"height: 56px; background-color: #f2efed;\">\n<td style=\"height: 56px;\" width=\"265\"><strong><span style=\"font-size: 10pt;\">Groepen vanaf 8 personen<\/span><\/strong><\/td>\n<td style=\"text-align: center; vertical-align: middle; height: 56px;\" width=\"180\"><span style=\"font-size: 10pt;\">7,50 \u20ac<\/span><\/td>\n<td style=\"text-align: center; vertical-align: middle; height: 56px;\" width=\"198\"><span style=\"font-size: 10pt;\">8,00 \u20ac<\/span><\/td>\n<td style=\"text-align: center; vertical-align: middle; height: 56px;\" width=\"123\"><span style=\"font-size: 10pt;\">8,50 \u20ac<\/span><\/td>\n<\/tr>\n<tr style=\"height: 56px;\">\n<td style=\"height: 56px;\" width=\"265\"><strong><span style=\"font-size: 10pt;\">Koelkast huren op de plaats<\/span><\/strong><\/td>\n<td style=\"text-align: center; vertical-align: middle; height: 56px;\" width=\"180\"><span style=\"font-size: 10pt;\">3,50 \u20ac<\/span><\/td>\n<td style=\"text-align: center; vertical-align: middle; height: 56px;\" width=\"198\"><span style=\"font-size: 10pt;\">4,50 \u20ac<\/span><\/td>\n<td style=\"text-align: center; vertical-align: middle; height: 56px;\" width=\"123\"><span style=\"font-size: 10pt;\">6,50 \u20ac<\/span><\/td>\n<\/tr>\n<tr style=\"height: 56px; background-color: #f2efed;\">\n<td style=\"height: 56px;\" width=\"265\"><strong><span style=\"font-size: 10pt;\">Annuleringsverzekering<\/span><\/strong><\/td>\n<td style=\"text-align: center; vertical-align: middle; height: 56px;\" colspan=\"3\" width=\"501\"><span style=\"font-size: 10pt;\">4,50% van het verblijf<\/span><\/td>\n<\/tr>\n<tr style=\"height: 56px;\">\n<td style=\"height: 56px;\" width=\"265\"><strong><span style=\"font-size: 10pt;\">Stalling (per maand)<\/span><\/strong><\/td>\n<td style=\"text-align: center; vertical-align: middle; height: 56px;\" colspan=\"3\" width=\"501\"><span style=\"font-size: 10pt;\">30,00 \u20ac<\/span><\/td>\n<\/tr>\n<tr style=\"height: 56px; background-color: #f2efed;\">\n<td style=\"height: 56px;\" width=\"265\"><strong><span style=\"font-size: 10pt;\">Wasmunt<\/span><\/strong><\/td>\n<td style=\"text-align: center; vertical-align: middle; height: 56px;\" colspan=\"3\" width=\"501\"><span style=\"font-size: 10pt;\">5,00 \u20ac<\/span><\/td>\n<\/tr>\n<tr style=\"height: 56px;\">\n<td style=\"height: 56px;\" width=\"265\"><strong><span style=\"font-size: 10pt;\">Aanbetaling*<\/span><\/strong><\/td>\n<td style=\"text-align: center; vertical-align: middle; height: 56px;\" colspan=\"3\" width=\"501\"><span style=\"font-size: 10pt;\">40%<\/span><\/td>\n<\/tr>\n<tr style=\"height: 56px; background-color: #f2efed;\">\n<td style=\"height: 56px;\" width=\"265\"><strong><span style=\"font-size: 10pt;\">Toeristenbelasting (18+)<\/span><\/strong><\/td>\n<td style=\"text-align: center; vertical-align: middle; height: 56px;\" colspan=\"3\" width=\"501\"><span style=\"font-size: 10pt;\">0,22 \u20ac<\/span><\/td>\n<\/tr>\n<tr style=\"height: 56px;\">\n<td style=\"height: 56px;\" width=\"265\"><strong><span style=\"font-size: 10pt;\">Reserveringskosten<\/span><\/strong><\/td>\n<td style=\"text-align: center; vertical-align: middle; height: 56px;\" width=\"180\"><span style=\"font-size: 10pt;\">gratis<\/span><\/td>\n<td style=\"text-align: center; vertical-align: middle; height: 56px;\" colspan=\"2\" width=\"321\"><span style=\"font-size: 10pt;\">aankomst in juli of augustus&nbsp;: 15 \u20ac<\/span><\/td>\n<\/tr>\n<\/tbody>\n<\/table>\n<\/div><div class=\"fusion-sep-clear\"><\/div><div class=\"fusion-separator fusion-full-width-sep\" style=\"margin-left: auto;margin-right: auto;margin-top:60px;width:100%;\"><\/div><div class=\"fusion-sep-clear\"><\/div><div class=\"fusion-aligncenter\"><style type=\"text\/css\">.fusion-button.button-1 {border-radius:2px;}<\/style><a class=\"fusion-button button-flat fusion-button-default-size button-default button-1 fusion-button-default-span fusion-button-default-type fusion-animated\" data-animationType=\"fadeInUp\" data-animationDuration=\"1.0\" data-animationOffset=\"100%\" target=\"_self\" href=\"https:\/\/naxiresa.inaxel.com\/etape1-criteres.php?compte=3rivieres\"><span class=\"fusion-button-text\">RESERVERINGSFORMULIER STAANPLAATS<\/span><\/a><\/div><div class=\"fusion-text fusion-text-4\" style=\"text-align:center;transform:translate3d(0,0,0);\"><div class=\"page\" title=\"Page 2\">\n<div class=\"section\">\n<div class=\"layoutArea\">\n<div class=\"column\">\n<p><em><br \/>&#8220;Voor een zorgeloze reservering, raden we onze CampezCouvert annuleringsverzekering aan.&#8221;<\/em><\/p>\n<\/div>\n<\/div>\n<\/div>\n<\/div>\n<\/div><div class=\"fusion-sep-clear\"><\/div><div class=\"fusion-separator fusion-full-width-sep\" style=\"margin-left: auto;margin-right: auto;margin-top:60px;width:100%;\"><\/div><div class=\"fusion-sep-clear\"><\/div><div class=\"fusion-clearfix\"><\/div><\/div><\/div><\/div><\/div>\n","protected":false},"excerpt":{"rendered":"","protected":false},"author":4,"featured_media":0,"parent":0,"menu_order":0,"comment_status":"closed","ping_status":"closed","template":"100-width.php","meta":{"footnotes":""},"class_list":["post-5306","page","type-page","status-publish","hentry"],"yoast_head":"<!-- This site is optimized with the Yoast SEO plugin v23.9 - https:\/\/yoast.com\/wordpress\/plugins\/seo\/ -->\n<title>Tarifs emplacements - Camping les Trois Riv\u00e8res \u00e0 Entrechaux, dans le Vaucluse<\/title>\n<meta name=\"robots\" content=\"index, follow, max-snippet:-1, max-image-preview:large, max-video-preview:-1\" \/>\n<link rel=\"canonical\" href=\"https:\/\/camping-les3rivieres.com\/nl\/tarifs-emplacements\/\" \/>\n<meta property=\"og:locale\" content=\"nl_NL\" \/>\n<meta property=\"og:type\" content=\"article\" \/>\n<meta property=\"og:title\" content=\"Tarifs emplacements - Camping les Trois Riv\u00e8res \u00e0 Entrechaux, dans le Vaucluse\" \/>\n<meta property=\"og:url\" content=\"https:\/\/camping-les3rivieres.com\/nl\/tarifs-emplacements\/\" \/>\n<meta property=\"og:site_name\" content=\"Camping les Trois Riv\u00e8res \u00e0 Entrechaux, dans le Vaucluse\" \/>\n<meta property=\"article:modified_time\" content=\"2025-12-29T17:16:15+00:00\" \/>\n<meta name=\"twitter:card\" content=\"summary_large_image\" \/>\n<meta name=\"twitter:label1\" content=\"Geschatte leestijd\" \/>\n\t<meta name=\"twitter:data1\" content=\"4 minuten\" \/>\n<script type=\"application\/ld+json\" class=\"yoast-schema-graph\">{\"@context\":\"https:\/\/schema.org\",\"@graph\":[{\"@type\":\"WebPage\",\"@id\":\"https:\/\/camping-les3rivieres.com\/nl\/tarifs-emplacements\/\",\"url\":\"https:\/\/camping-les3rivieres.com\/nl\/tarifs-emplacements\/\",\"name\":\"Tarifs emplacements - Camping les Trois Riv\u00e8res \u00e0 Entrechaux, dans le Vaucluse\",\"isPartOf\":{\"@id\":\"https:\/\/camping-les3rivieres.com\/#website\"},\"datePublished\":\"2019-07-08T08:11:15+00:00\",\"dateModified\":\"2025-12-29T17:16:15+00:00\",\"breadcrumb\":{\"@id\":\"https:\/\/camping-les3rivieres.com\/nl\/tarifs-emplacements\/#breadcrumb\"},\"inLanguage\":\"nl-NL\",\"potentialAction\":[{\"@type\":\"ReadAction\",\"target\":[\"https:\/\/camping-les3rivieres.com\/nl\/tarifs-emplacements\/\"]}]},{\"@type\":\"BreadcrumbList\",\"@id\":\"https:\/\/camping-les3rivieres.com\/nl\/tarifs-emplacements\/#breadcrumb\",\"itemListElement\":[{\"@type\":\"ListItem\",\"position\":1,\"name\":\"Accueil\",\"item\":\"https:\/\/camping-les3rivieres.com\/nl\/\"},{\"@type\":\"ListItem\",\"position\":2,\"name\":\"Tarifs emplacements\"}]},{\"@type\":\"WebSite\",\"@id\":\"https:\/\/camping-les3rivieres.com\/#website\",\"url\":\"https:\/\/camping-les3rivieres.com\/\",\"name\":\"Camping les Trois Riv\u00e8res \u00e0 Entrechaux, dans le Vaucluse\",\"description\":\"Camping les Trois Riv\u00e8res \u00e0 Entrechaux, dans le Vaucluse\",\"potentialAction\":[{\"@type\":\"SearchAction\",\"target\":{\"@type\":\"EntryPoint\",\"urlTemplate\":\"https:\/\/camping-les3rivieres.com\/?s={search_term_string}\"},\"query-input\":{\"@type\":\"PropertyValueSpecification\",\"valueRequired\":true,\"valueName\":\"search_term_string\"}}],\"inLanguage\":\"nl-NL\"}]}<\/script>\n<!-- \/ Yoast SEO plugin. -->","yoast_head_json":{"title":"Tarifs emplacements - Camping les Trois Riv\u00e8res \u00e0 Entrechaux, dans le Vaucluse","robots":{"index":"index","follow":"follow","max-snippet":"max-snippet:-1","max-image-preview":"max-image-preview:large","max-video-preview":"max-video-preview:-1"},"canonical":"https:\/\/camping-les3rivieres.com\/nl\/tarifs-emplacements\/","og_locale":"nl_NL","og_type":"article","og_title":"Tarifs emplacements - Camping les Trois Riv\u00e8res \u00e0 Entrechaux, dans le Vaucluse","og_url":"https:\/\/camping-les3rivieres.com\/nl\/tarifs-emplacements\/","og_site_name":"Camping les Trois Riv\u00e8res \u00e0 Entrechaux, dans le Vaucluse","article_modified_time":"2025-12-29T17:16:15+00:00","twitter_card":"summary_large_image","twitter_misc":{"Geschatte leestijd":"4 minuten"},"schema":{"@context":"https:\/\/schema.org","@graph":[{"@type":"WebPage","@id":"https:\/\/camping-les3rivieres.com\/nl\/tarifs-emplacements\/","url":"https:\/\/camping-les3rivieres.com\/nl\/tarifs-emplacements\/","name":"Tarifs emplacements - Camping les Trois Riv\u00e8res \u00e0 Entrechaux, dans le Vaucluse","isPartOf":{"@id":"https:\/\/camping-les3rivieres.com\/#website"},"datePublished":"2019-07-08T08:11:15+00:00","dateModified":"2025-12-29T17:16:15+00:00","breadcrumb":{"@id":"https:\/\/camping-les3rivieres.com\/nl\/tarifs-emplacements\/#breadcrumb"},"inLanguage":"nl-NL","potentialAction":[{"@type":"ReadAction","target":["https:\/\/camping-les3rivieres.com\/nl\/tarifs-emplacements\/"]}]},{"@type":"BreadcrumbList","@id":"https:\/\/camping-les3rivieres.com\/nl\/tarifs-emplacements\/#breadcrumb","itemListElement":[{"@type":"ListItem","position":1,"name":"Accueil","item":"https:\/\/camping-les3rivieres.com\/nl\/"},{"@type":"ListItem","position":2,"name":"Tarifs emplacements"}]},{"@type":"WebSite","@id":"https:\/\/camping-les3rivieres.com\/#website","url":"https:\/\/camping-les3rivieres.com\/","name":"Camping les Trois Riv\u00e8res \u00e0 Entrechaux, dans le Vaucluse","description":"Camping les Trois Riv\u00e8res \u00e0 Entrechaux, dans le Vaucluse","potentialAction":[{"@type":"SearchAction","target":{"@type":"EntryPoint","urlTemplate":"https:\/\/camping-les3rivieres.com\/?s={search_term_string}"},"query-input":{"@type":"PropertyValueSpecification","valueRequired":true,"valueName":"search_term_string"}}],"inLanguage":"nl-NL"}]}},"jetpack_sharing_enabled":true,"_links":{"self":[{"href":"https:\/\/camping-les3rivieres.com\/nl\/wp-json\/wp\/v2\/pages\/5306","targetHints":{"allow":["GET"]}}],"collection":[{"href":"https:\/\/camping-les3rivieres.com\/nl\/wp-json\/wp\/v2\/pages"}],"about":[{"href":"https:\/\/camping-les3rivieres.com\/nl\/wp-json\/wp\/v2\/types\/page"}],"author":[{"embeddable":true,"href":"https:\/\/camping-les3rivieres.com\/nl\/wp-json\/wp\/v2\/users\/4"}],"replies":[{"embeddable":true,"href":"https:\/\/camping-les3rivieres.com\/nl\/wp-json\/wp\/v2\/comments?post=5306"}],"version-history":[{"count":25,"href":"https:\/\/camping-les3rivieres.com\/nl\/wp-json\/wp\/v2\/pages\/5306\/revisions"}],"predecessor-version":[{"id":6809,"href":"https:\/\/camping-les3rivieres.com\/nl\/wp-json\/wp\/v2\/pages\/5306\/revisions\/6809"}],"wp:attachment":[{"href":"https:\/\/camping-les3rivieres.com\/nl\/wp-json\/wp\/v2\/media?parent=5306"}],"curies":[{"name":"wp","href":"https:\/\/api.w.org\/{rel}","templated":true}]}}