{"id":5300,"date":"2019-07-08T09:50:53","date_gmt":"2019-07-08T07:50:53","guid":{"rendered":"http:\/\/camping-les3rivieres.com\/?page_id=5300"},"modified":"2025-12-30T16:45:47","modified_gmt":"2025-12-30T15:45:47","slug":"tarifs-chalets-et-tentes-equipees","status":"publish","type":"page","link":"https:\/\/camping-les3rivieres.com\/nl\/tarifs-chalets-et-tentes-equipees\/","title":{"rendered":"Prijzen voor akkomodaties"},"content":{"rendered":"<div class=\"fusion-fullwidth fullwidth-box fusion-builder-row-1 fusion-parallax-none nonhundred-percent-fullwidth non-hundred-percent-height-scrolling\" style=\"background-color: rgba(255,255,255,0);background-image: url(&quot;http:\/\/camping-les3rivieres.com\/wp-content\/uploads\/2019\/03\/Emplacements-1.jpg&quot;);background-position: center center;background-repeat: no-repeat;padding-top:0px;padding-right:0px;padding-bottom:0px;padding-left:0px;margin-bottom: 0px;margin-top: 0px;border-width: 0px 0px 0px 0px;border-color:#eae9e9;border-style:solid;-webkit-background-size:cover;-moz-background-size:cover;-o-background-size:cover;background-size:cover;\" ><div class=\"fusion-builder-row fusion-row\"><div class=\"fusion-layout-column fusion_builder_column fusion-builder-column-0 fusion_builder_column_1_1 1_1 fusion-one-full fusion-column-first fusion-column-last fusion-no-small-visibility\" style=\"margin-top:100px;margin-bottom:20px;\"><div class=\"fusion-column-wrapper fusion-flex-column-wrapper-legacy\" style=\"background-position:left top;background-repeat:no-repeat;-webkit-background-size:cover;-moz-background-size:cover;-o-background-size:cover;background-size:cover;padding: 0px 0px 0px 0px;\"><div class=\"fusion-clearfix\"><\/div><\/div><\/div><div class=\"fusion-layout-column fusion_builder_column fusion-builder-column-1 fusion_builder_column_1_1 1_1 fusion-one-full fusion-column-first fusion-column-last\" style=\"margin-top:0px;margin-bottom:20px;\"><div class=\"fusion-column-wrapper fusion-flex-column-wrapper-legacy\" style=\"background-position:left top;background-repeat:no-repeat;-webkit-background-size:cover;-moz-background-size:cover;-o-background-size:cover;background-size:cover;background-color:#ffffff;padding: 0px 10% 0px 10%;\"><div class=\"fusion-sep-clear\"><\/div><div class=\"fusion-separator fusion-no-small-visibility fusion-full-width-sep\" style=\"margin-left: auto;margin-right: auto;margin-top:30px;width:100%;\"><\/div><div class=\"fusion-sep-clear\"><\/div><div class=\"fusion-text fusion-text-1\" style=\"transform:translate3d(0,0,0);\"><h2 style=\"text-align: center;\">Prijzen Akkomodatie 2026<\/h2>\n<\/div><div class=\"fusion-text fusion-text-2\" style=\"transform:translate3d(0,0,0);\"><h2 style=\"text-align: center;\"><span style=\"font-size: 16pt;\">Basisprijs voor 2 personen<\/span><\/h2>\n<p style=\"text-align: center;\"><span style=\"font-size: 10pt;\">Plaatsen, huisjes en tenten boeken is pas mogelijk\u00a0<strong>vanaf 1 januari<\/strong>.<br \/>\nAanvragen die eerder binnenkomen, genieten geen speciale voorrang.<br \/>\n<\/span><\/p>\n<\/div><div class=\"fusion-text fusion-text-3\" style=\"transform:translate3d(0,0,0);\"><table style=\"width: 100%; border-color: #f2efed; height: 768px;\" border=\"1px\" width=\"100%\" cellspacing=\"2\" cellpadding=\"0\">\n<tbody>\n<tr style=\"height: 144px;\">\n<td style=\"width: 45.3546%; text-align: center; vertical-align: top; height: 144px;\"><\/td>\n<td style=\"width: 17.9057%; text-align: center; vertical-align: top; height: 144px;\" colspan=\"2\" align=\"center\" height=\"16\"><strong><span style=\"font-size: 10pt;\">LAAGSEIZOEN<\/span><\/strong><br \/>\n<span style=\"font-size: 10pt;\">Van 1 april tot 1 mei en<br \/>\nvan 5 september tot 30 sept.<br \/>\n<\/span><\/td>\n<td style=\"width: 18.845%; text-align: center; vertical-align: top; height: 144px;\" colspan=\"2\" align=\"center\" height=\"16\"><strong><span style=\"font-size: 10pt;\">MIDDENSEIZOEN<\/span><\/strong><br \/>\n<span style=\"font-size: 10pt;\">Van 1 mei tot 4 juli en<br \/>\nvan 15 augustus tot 5 september<br \/>\n<\/span><\/td>\n<td style=\"width: 16.3279%; text-align: center; vertical-align: top; height: 144px;\" colspan=\"2\" align=\"center\" height=\"16\"><strong><span style=\"font-size: 10pt;\">HOOGSEIZOEN<br \/>\n<\/span><\/strong><span style=\"font-size: 10pt;\">Van 4 juli tot 15 augustus<\/span><\/td>\n<\/tr>\n<tr style=\"height: 24px;\">\n<td style=\"width: 45.3546%; height: 24px;\"><\/td>\n<td style=\"width: 7.31327%; height: 24px;\" align=\"center\"><span style=\"font-size: 10pt;\">dag<\/span><\/td>\n<td style=\"width: 10.5924%; height: 24px;\" align=\"center\"><span style=\"font-size: 10pt;\">week<\/span><\/td>\n<td style=\"width: 8.43211%; height: 24px;\" align=\"center\"><span style=\"font-size: 10pt;\">dag<\/span><\/td>\n<td style=\"width: 10.4129%; height: 24px;\" align=\"center\"><span style=\"font-size: 10pt;\">week<\/span><\/td>\n<td style=\"width: 7.6255%; height: 24px;\" align=\"center\"><span style=\"font-size: 10pt;\">dag<\/span><\/td>\n<td style=\"width: 8.70244%; height: 24px;\" align=\"center\"><span style=\"font-size: 10pt;\">week<\/span><\/td>\n<\/tr>\n<tr style=\"height: 96px;\">\n<td style=\"width: 45.3546%; height: 96px;\">\n<div class=\"page\" title=\"Page 1\">\n<div class=\"section\">\n<div class=\"layoutArea\">\n<div class=\"column\">\n<p><span style=\"font-size: 14px;\"><strong>Ingerichte HUT<br \/>\n<\/strong><\/span><span style=\"font-size: 14px;\">14 m2 + terras van 7m2 (zonder sanitair)<br \/>\n<\/span><span style=\"font-size: 14px;\">max. capaciteit <\/span><span style=\"font-size: 14px;\">3 pers. <\/span><span style=\"font-size: 14px;\">(plaats 10 t\/m 53)<\/span><\/p>\n<\/div>\n<\/div>\n<\/div>\n<\/div>\n<\/td>\n<td style=\"width: 7.31327%; text-align: center; height: 96px;\"><span style=\"font-size: 10pt;\">42\u20ac<\/span><\/td>\n<td style=\"width: 10.5924%; text-align: center; height: 96px;\"><span style=\"font-size: 10pt;\">280\u20ac<\/span><\/td>\n<td style=\"width: 8.43211%; text-align: center; height: 96px;\"><span style=\"font-size: 10pt;\">55\u20ac<\/span><\/td>\n<td style=\"width: 10.4129%; text-align: center; height: 96px;\"><span style=\"font-size: 10pt;\">350\u20ac<\/span><\/td>\n<td style=\"width: 7.6255%; text-align: center; height: 96px;\"><span style=\"font-size: 10pt;\">85\u20ac<\/span><\/td>\n<td style=\"width: 8.70244%; text-align: center; height: 96px;\"><span style=\"font-size: 10pt;\">580\u20ac<\/span><\/td>\n<\/tr>\n<tr style=\"height: 120px;\" bgcolor=\"#f2efed\">\n<td style=\"width: 45.3546%; height: 120px;\"><strong><span style=\"font-size: 10pt;\">Ingerichte AMAZONE-tent<br \/>\n<\/span><\/strong><span style=\"font-size: 10pt;\">19 m\u00b2 + terras van 10 m\u00b2 (zonder sanitair)<\/span><br \/>\n<span style=\"font-size: 10pt;\">Max. capaciteit 4 pers. (plaats 6, 20, 78, 79 &amp; 80)<\/span><\/td>\n<td style=\"width: 7.31327%; height: 120px;\" align=\"center\"><span style=\"font-size: 10pt;\">42\u20ac<\/span><\/td>\n<td style=\"width: 10.5924%; height: 120px;\" align=\"center\"><span style=\"font-size: 10pt;\">280\u20ac<\/span><\/td>\n<td style=\"width: 8.43211%; height: 120px;\" align=\"center\"><span style=\"font-size: 10pt;\">55\u20ac<\/span><\/td>\n<td style=\"width: 10.4129%; height: 120px;\" align=\"center\"><span style=\"font-size: 10pt;\">350\u20ac<\/span><\/td>\n<td style=\"width: 7.6255%; height: 120px;\" align=\"center\"><span style=\"font-size: 10pt;\">85\u20ac<\/span><\/td>\n<td style=\"width: 8.70244%; height: 120px;\" align=\"center\"><span style=\"font-size: 10pt;\">580\u20ac<\/span><\/td>\n<\/tr>\n<tr style=\"height: 72px;\">\n<td style=\"width: 45.3546%; height: 72px;\"><strong><span style=\"font-size: 10pt;\">Mobiel chalet MISSOURI<br \/>\n<\/span><\/strong><span style=\"font-size: 10pt;\">26 m\u00b2 + overdekt terras van 10 m\u00b2<\/span><br \/>\n<span style=\"font-size: 10pt;\">Max. capaciteit 4 personen (CH1 en CH3)<\/span><\/td>\n<td style=\"width: 7.31327%; height: 72px;\" align=\"center\"><span style=\"font-size: 10pt;\">58\u20ac<\/span><\/td>\n<td style=\"width: 10.5924%; height: 72px;\" align=\"center\"><span style=\"font-size: 10pt;\">380\u20ac<\/span><\/td>\n<td style=\"width: 8.43211%; height: 72px;\" align=\"center\"><span style=\"font-size: 10pt;\">75\u20ac<\/span><\/td>\n<td style=\"width: 10.4129%; height: 72px;\" align=\"center\"><span style=\"font-size: 10pt;\">490\u20ac<\/span><\/td>\n<td style=\"width: 7.6255%; height: 72px;\" align=\"center\"><span style=\"font-size: 10pt;\">115\u20ac<\/span><\/td>\n<td style=\"width: 8.70244%; height: 72px;\" align=\"center\"><span style=\"font-size: 10pt;\">790\u20ac<\/span><\/td>\n<\/tr>\n<tr style=\"height: 96px;\" bgcolor=\"#f2efed\">\n<td style=\"width: 45.3546%; height: 96px;\"><strong><span style=\"font-size: 10pt;\">Chalet CANNELLE<br \/>\n<\/span><\/strong><span style=\"font-size: 10pt;\">26,5 m\u00b2 + overdekt terras van 12 m\u00b2<\/span><br \/>\n<span style=\"font-size: 10pt;\">Max. capaciteit 6 pers. (CH0, CH2, CH10, CH11, CH12, CH13, CH14)<\/span><\/td>\n<td style=\"width: 7.31327%; height: 96px;\" align=\"center\"><span style=\"font-size: 10pt;\">63\u20ac<\/span><\/td>\n<td style=\"width: 10.5924%; height: 96px;\" align=\"center\"><span style=\"font-size: 10pt;\">420\u20ac<\/span><\/td>\n<td style=\"width: 8.43211%; height: 96px;\" align=\"center\"><span style=\"font-size: 10pt;\">80\u20ac<\/span><\/td>\n<td style=\"width: 10.4129%; height: 96px;\" align=\"center\"><span style=\"font-size: 10pt;\">530\u20ac<\/span><\/td>\n<td style=\"width: 7.6255%; height: 96px;\" align=\"center\"><span style=\"font-size: 10pt;\">125\u20ac<\/span><\/td>\n<td style=\"width: 8.70244%; height: 96px;\" align=\"center\"><span style=\"font-size: 10pt;\">850\u20ac<\/span><\/td>\n<\/tr>\n<tr style=\"height: 72px;\">\n<td style=\"width: 45.3546%; height: 72px;\"><span style=\"font-size: 10pt;\"><strong>Houten stacaravan MERCURE<br \/>\n<\/strong>27,5 m\u00b2 + overdekt terras van 10 m\u00b2<\/span><br \/>\n<span style=\"font-size: 10pt;\">Max. capaciteit 6 personen (CH4 en CH7)<\/span><\/td>\n<td style=\"width: 7.31327%; height: 72px;\" align=\"center\"><span style=\"font-size: 10pt;\">63\u20ac<\/span><\/td>\n<td style=\"width: 10.5924%; height: 72px;\" align=\"center\"><span style=\"font-size: 10pt;\">420\u20ac<\/span><\/td>\n<td style=\"width: 8.43211%; height: 72px;\" align=\"center\"><span style=\"font-size: 10pt;\">80\u20ac<\/span><\/td>\n<td style=\"width: 10.4129%; height: 72px;\" align=\"center\"><span style=\"font-size: 10pt;\">530\u20ac<\/span><\/td>\n<td style=\"width: 7.6255%; height: 72px;\" align=\"center\"><span style=\"font-size: 10pt;\">125\u20ac<\/span><\/td>\n<td style=\"width: 8.70244%; height: 72px;\" align=\"center\"><span style=\"font-size: 10pt;\">850\u20ac<\/span><\/td>\n<\/tr>\n<tr style=\"height: 72px;\" bgcolor=\"#f2efed\">\n<td style=\"width: 45.3546%; height: 72px;\"><span style=\"font-size: 10pt;\"><strong>Mobiel chalet FABRIKIT<br \/>\n<\/strong>28 m\u00b2 + overdekt terras van 10 m\u00b2<\/span><br \/>\n<span style=\"font-size: 10pt;\">Max. capaciteit 6 personen (CH5 en CH6)<\/span><\/td>\n<td style=\"width: 7.31327%; height: 72px;\" align=\"center\"><span style=\"font-size: 10pt;\">58\u20ac<\/span><\/td>\n<td style=\"width: 10.5924%; height: 72px;\" align=\"center\"><span style=\"font-size: 10pt;\">380\u20ac<\/span><\/td>\n<td style=\"width: 8.43211%; height: 72px;\" align=\"center\"><span style=\"font-size: 10pt;\">75\u20ac<\/span><\/td>\n<td style=\"width: 10.4129%; height: 72px;\" align=\"center\"><span style=\"font-size: 10pt;\">490\u20ac<\/span><\/td>\n<td style=\"width: 7.6255%; height: 72px;\" align=\"center\"><span style=\"font-size: 10pt;\">115\u20ac<\/span><\/td>\n<td style=\"width: 8.70244%; height: 72px;\" align=\"center\"><span style=\"font-size: 10pt;\">790\u20ac<\/span><\/td>\n<\/tr>\n<tr style=\"height: 72px;\">\n<td style=\"width: 45.3546%; height: 72px;\"><strong><span style=\"font-size: 10pt;\">Chalet ABEILLE<br \/>\n<\/span><\/strong><span style=\"font-size: 10pt;\">28 m\u00b2 + overdekt terras van 10 m\u00b2<\/span><br \/>\n<span style=\"font-size: 10pt;\">Max. capaciteit 7 personen (CH8 en CH9)<\/span><\/td>\n<td style=\"width: 7.31327%; height: 72px;\" align=\"center\"><span style=\"font-size: 10pt;\">63\u20ac<\/span><\/td>\n<td style=\"width: 10.5924%; height: 72px;\" align=\"center\"><span style=\"font-size: 10pt;\">420\u20ac<\/span><\/td>\n<td style=\"width: 8.43211%; height: 72px;\" align=\"center\"><span style=\"font-size: 10pt;\">80\u20ac<\/span><\/td>\n<td style=\"width: 10.4129%; height: 72px;\" align=\"center\"><span style=\"font-size: 10pt;\">530\u20ac<\/span><\/td>\n<td style=\"width: 7.6255%; height: 72px;\" align=\"center\"><span style=\"font-size: 10pt;\">125\u20ac<\/span><\/td>\n<td style=\"width: 8.70244%; height: 72px;\" align=\"center\"><span style=\"font-size: 10pt;\">850\u20ac<\/span><\/td>\n<\/tr>\n<\/tbody>\n<\/table>\n<\/div><div class=\"fusion-sep-clear\"><\/div><div class=\"fusion-separator fusion-full-width-sep\" style=\"margin-left: auto;margin-right: auto;margin-top:20px;width:100%;\"><\/div><div class=\"fusion-sep-clear\"><\/div><div class=\"fusion-text fusion-text-4\" style=\"transform:translate3d(0,0,0);\"><h2 style=\"text-align: center;\">Extra&#8217;s<\/h2>\n<\/div><div class=\"fusion-text fusion-text-5\" style=\"transform:translate3d(0,0,0);\"><table style=\"border-color: #000000; width: 100%;\" border=\"0\" width=\"100%\" cellspacing=\"2\" cellpadding=\"0\">\n<tbody>\n<tr bgcolor=\"#f2efed\">\n<td style=\"width: 41.5966%;\"><strong><span style=\"font-size: 10pt;\">Extra persoon<\/span><\/strong><\/td>\n<td style=\"width: 15.3362%;\" align=\"center\"><span style=\"font-size: 10pt;\">5,00 \u20ac \/ dag<\/span><\/td>\n<td style=\"width: 42%;\" align=\"center\" width=\"42%\"><span style=\"font-size: 10pt;\">30,00 \u20ac \/ week<\/span><\/td>\n<\/tr>\n<tr>\n<td style=\"width: 41.5966%;\"><strong><span style=\"font-size: 10pt;\">Huisdier (slechts \u00e9\u00e9n per boeking)<\/span><\/strong><\/td>\n<td style=\"width: 57.3362%;\" colspan=\"2\" align=\"center\"><span style=\"font-size: 10pt;\">5,50 \u20ac \/ dag of 30\u20ac \/ week<\/span><\/td>\n<\/tr>\n<tr bgcolor=\"#f2efed\">\n<td style=\"width: 41.5966%;\"><strong><span style=\"font-size: 10pt;\">Extra auto<\/span><\/strong><\/td>\n<td style=\"width: 57.3362%;\" colspan=\"2\" align=\"center\"><span style=\"font-size: 10pt;\">2,50 \u20ac \/ dag<\/span><\/td>\n<\/tr>\n<tr>\n<td style=\"width: 41.5966%;\"><strong><span style=\"font-size: 10pt;\">Bezoeker<\/span><\/strong><\/td>\n<td style=\"width: 57.3362%;\" colspan=\"2\" align=\"center\"><span style=\"font-size: 10pt;\">2,00 \u20ac \/ dag<\/span><\/td>\n<\/tr>\n<tr bgcolor=\"#f2efed\">\n<td style=\"width: 41.5966%;\"><strong><span style=\"font-size: 10pt;\">Wegwerplakens<\/span><\/strong><\/td>\n<td style=\"width: 57.3362%;\" colspan=\"2\" align=\"center\"><span style=\"font-size: 10pt;\">5,00 \u20ac per paar<\/span><\/td>\n<\/tr>\n<tr>\n<td style=\"width: 41.5966%;\"><strong><span style=\"font-size: 10pt;\">Toeristenbelasting (18 jaar en ouder)<\/span><\/strong><\/td>\n<td style=\"width: 57.3362%;\" colspan=\"2\" align=\"center\"><span style=\"font-size: 10pt;\">0,22 \u20ac per persoon per dag<\/span><\/td>\n<\/tr>\n<tr bgcolor=\"#f2efed\">\n<td style=\"width: 41.5966%;\"><strong><span style=\"font-size: 10pt;\">Aanbetaling bij reservering*<\/span><\/strong><\/td>\n<td style=\"width: 57.3362%;\" colspan=\"2\" align=\"center\"><span style=\"font-size: 10pt;\">50% van de totale verblijfskosten<\/span><\/td>\n<\/tr>\n<tr>\n<td style=\"width: 41.5966%;\"><strong><span style=\"font-size: 10pt;\">Annuleringsverzekering<\/span><\/strong><\/td>\n<td style=\"width: 57.3362%; text-align: center;\" colspan=\"2\"><span style=\"font-size: 10pt;\">4,50% van de totale verblijfskosten<\/span><\/td>\n<\/tr>\n<\/tbody>\n<\/table>\n<\/div><div class=\"fusion-sep-clear\"><\/div><div class=\"fusion-separator fusion-full-width-sep\" style=\"margin-left: auto;margin-right: auto;margin-top:60px;width:100%;\"><\/div><div class=\"fusion-sep-clear\"><\/div><div class=\"fusion-aligncenter\"><style type=\"text\/css\">.fusion-button.button-1 {border-radius:2px;}<\/style><a class=\"fusion-button button-flat fusion-button-default-size button-default button-1 fusion-button-default-span fusion-button-default-type fusion-animated\" data-animationType=\"fadeInUp\" data-animationDuration=\"1.0\" data-animationOffset=\"100%\" target=\"_self\" href=\"https:\/\/naxiresa.inaxel.com\/etape1-criteres.php?compte=3rivieres\"><span class=\"fusion-button-text\">RESERVEREN<\/span><\/a><\/div><div class=\"fusion-text fusion-text-6\" style=\"text-align:center;transform:translate3d(0,0,0);\"><p><em>&#8220;Voor een zorgeloze reservering, raden we onze <\/em>CampezCouvert <em>annuleringsverzekering aan.&#8221;<\/em><\/p>\n<\/div><div class=\"fusion-sep-clear\"><\/div><div class=\"fusion-separator fusion-full-width-sep\" style=\"margin-left: auto;margin-right: auto;margin-top:60px;width:100%;\"><\/div><div class=\"fusion-sep-clear\"><\/div><div class=\"fusion-clearfix\"><\/div><\/div><\/div><\/div><\/div>\n","protected":false},"excerpt":{"rendered":"","protected":false},"author":4,"featured_media":0,"parent":0,"menu_order":0,"comment_status":"closed","ping_status":"closed","template":"100-width.php","meta":{"footnotes":""},"class_list":["post-5300","page","type-page","status-publish","hentry"],"yoast_head":"<!-- This site is optimized with the Yoast SEO plugin v23.9 - https:\/\/yoast.com\/wordpress\/plugins\/seo\/ -->\n<title>Prijzen voor akkomodaties - Camping les Trois Riv\u00e8res \u00e0 Entrechaux, dans le Vaucluse<\/title>\n<meta name=\"robots\" content=\"index, follow, max-snippet:-1, max-image-preview:large, max-video-preview:-1\" \/>\n<link rel=\"canonical\" href=\"https:\/\/camping-les3rivieres.com\/nl\/tarifs-chalets-et-tentes-equipees\/\" \/>\n<meta property=\"og:locale\" content=\"nl_NL\" \/>\n<meta property=\"og:type\" content=\"article\" \/>\n<meta property=\"og:title\" content=\"Prijzen voor akkomodaties - Camping les Trois Riv\u00e8res \u00e0 Entrechaux, dans le Vaucluse\" \/>\n<meta property=\"og:url\" content=\"https:\/\/camping-les3rivieres.com\/nl\/tarifs-chalets-et-tentes-equipees\/\" \/>\n<meta property=\"og:site_name\" content=\"Camping les Trois Riv\u00e8res \u00e0 Entrechaux, dans le Vaucluse\" \/>\n<meta property=\"article:modified_time\" content=\"2025-12-30T15:45:47+00:00\" \/>\n<meta name=\"twitter:card\" content=\"summary_large_image\" \/>\n<meta name=\"twitter:label1\" content=\"Geschatte leestijd\" \/>\n\t<meta name=\"twitter:data1\" content=\"4 minuten\" \/>\n<script type=\"application\/ld+json\" class=\"yoast-schema-graph\">{\"@context\":\"https:\/\/schema.org\",\"@graph\":[{\"@type\":\"WebPage\",\"@id\":\"https:\/\/camping-les3rivieres.com\/nl\/tarifs-chalets-et-tentes-equipees\/\",\"url\":\"https:\/\/camping-les3rivieres.com\/nl\/tarifs-chalets-et-tentes-equipees\/\",\"name\":\"Prijzen voor akkomodaties - Camping les Trois Riv\u00e8res \u00e0 Entrechaux, dans le Vaucluse\",\"isPartOf\":{\"@id\":\"https:\/\/camping-les3rivieres.com\/#website\"},\"datePublished\":\"2019-07-08T07:50:53+00:00\",\"dateModified\":\"2025-12-30T15:45:47+00:00\",\"breadcrumb\":{\"@id\":\"https:\/\/camping-les3rivieres.com\/nl\/tarifs-chalets-et-tentes-equipees\/#breadcrumb\"},\"inLanguage\":\"nl-NL\",\"potentialAction\":[{\"@type\":\"ReadAction\",\"target\":[\"https:\/\/camping-les3rivieres.com\/nl\/tarifs-chalets-et-tentes-equipees\/\"]}]},{\"@type\":\"BreadcrumbList\",\"@id\":\"https:\/\/camping-les3rivieres.com\/nl\/tarifs-chalets-et-tentes-equipees\/#breadcrumb\",\"itemListElement\":[{\"@type\":\"ListItem\",\"position\":1,\"name\":\"Accueil\",\"item\":\"https:\/\/camping-les3rivieres.com\/nl\/\"},{\"@type\":\"ListItem\",\"position\":2,\"name\":\"Prijzen voor akkomodaties\"}]},{\"@type\":\"WebSite\",\"@id\":\"https:\/\/camping-les3rivieres.com\/#website\",\"url\":\"https:\/\/camping-les3rivieres.com\/\",\"name\":\"Camping les Trois Riv\u00e8res \u00e0 Entrechaux, dans le Vaucluse\",\"description\":\"Camping les Trois Riv\u00e8res \u00e0 Entrechaux, dans le Vaucluse\",\"potentialAction\":[{\"@type\":\"SearchAction\",\"target\":{\"@type\":\"EntryPoint\",\"urlTemplate\":\"https:\/\/camping-les3rivieres.com\/?s={search_term_string}\"},\"query-input\":{\"@type\":\"PropertyValueSpecification\",\"valueRequired\":true,\"valueName\":\"search_term_string\"}}],\"inLanguage\":\"nl-NL\"}]}<\/script>\n<!-- \/ Yoast SEO plugin. -->","yoast_head_json":{"title":"Prijzen voor akkomodaties - Camping les Trois Riv\u00e8res \u00e0 Entrechaux, dans le Vaucluse","robots":{"index":"index","follow":"follow","max-snippet":"max-snippet:-1","max-image-preview":"max-image-preview:large","max-video-preview":"max-video-preview:-1"},"canonical":"https:\/\/camping-les3rivieres.com\/nl\/tarifs-chalets-et-tentes-equipees\/","og_locale":"nl_NL","og_type":"article","og_title":"Prijzen voor akkomodaties - Camping les Trois Riv\u00e8res \u00e0 Entrechaux, dans le Vaucluse","og_url":"https:\/\/camping-les3rivieres.com\/nl\/tarifs-chalets-et-tentes-equipees\/","og_site_name":"Camping les Trois Riv\u00e8res \u00e0 Entrechaux, dans le Vaucluse","article_modified_time":"2025-12-30T15:45:47+00:00","twitter_card":"summary_large_image","twitter_misc":{"Geschatte leestijd":"4 minuten"},"schema":{"@context":"https:\/\/schema.org","@graph":[{"@type":"WebPage","@id":"https:\/\/camping-les3rivieres.com\/nl\/tarifs-chalets-et-tentes-equipees\/","url":"https:\/\/camping-les3rivieres.com\/nl\/tarifs-chalets-et-tentes-equipees\/","name":"Prijzen voor akkomodaties - Camping les Trois Riv\u00e8res \u00e0 Entrechaux, dans le Vaucluse","isPartOf":{"@id":"https:\/\/camping-les3rivieres.com\/#website"},"datePublished":"2019-07-08T07:50:53+00:00","dateModified":"2025-12-30T15:45:47+00:00","breadcrumb":{"@id":"https:\/\/camping-les3rivieres.com\/nl\/tarifs-chalets-et-tentes-equipees\/#breadcrumb"},"inLanguage":"nl-NL","potentialAction":[{"@type":"ReadAction","target":["https:\/\/camping-les3rivieres.com\/nl\/tarifs-chalets-et-tentes-equipees\/"]}]},{"@type":"BreadcrumbList","@id":"https:\/\/camping-les3rivieres.com\/nl\/tarifs-chalets-et-tentes-equipees\/#breadcrumb","itemListElement":[{"@type":"ListItem","position":1,"name":"Accueil","item":"https:\/\/camping-les3rivieres.com\/nl\/"},{"@type":"ListItem","position":2,"name":"Prijzen voor akkomodaties"}]},{"@type":"WebSite","@id":"https:\/\/camping-les3rivieres.com\/#website","url":"https:\/\/camping-les3rivieres.com\/","name":"Camping les Trois Riv\u00e8res \u00e0 Entrechaux, dans le Vaucluse","description":"Camping les Trois Riv\u00e8res \u00e0 Entrechaux, dans le Vaucluse","potentialAction":[{"@type":"SearchAction","target":{"@type":"EntryPoint","urlTemplate":"https:\/\/camping-les3rivieres.com\/?s={search_term_string}"},"query-input":{"@type":"PropertyValueSpecification","valueRequired":true,"valueName":"search_term_string"}}],"inLanguage":"nl-NL"}]}},"jetpack_sharing_enabled":true,"_links":{"self":[{"href":"https:\/\/camping-les3rivieres.com\/nl\/wp-json\/wp\/v2\/pages\/5300","targetHints":{"allow":["GET"]}}],"collection":[{"href":"https:\/\/camping-les3rivieres.com\/nl\/wp-json\/wp\/v2\/pages"}],"about":[{"href":"https:\/\/camping-les3rivieres.com\/nl\/wp-json\/wp\/v2\/types\/page"}],"author":[{"embeddable":true,"href":"https:\/\/camping-les3rivieres.com\/nl\/wp-json\/wp\/v2\/users\/4"}],"replies":[{"embeddable":true,"href":"https:\/\/camping-les3rivieres.com\/nl\/wp-json\/wp\/v2\/comments?post=5300"}],"version-history":[{"count":30,"href":"https:\/\/camping-les3rivieres.com\/nl\/wp-json\/wp\/v2\/pages\/5300\/revisions"}],"predecessor-version":[{"id":6870,"href":"https:\/\/camping-les3rivieres.com\/nl\/wp-json\/wp\/v2\/pages\/5300\/revisions\/6870"}],"wp:attachment":[{"href":"https:\/\/camping-les3rivieres.com\/nl\/wp-json\/wp\/v2\/media?parent=5300"}],"curies":[{"name":"wp","href":"https:\/\/api.w.org\/{rel}","templated":true}]}}